{"id":160,"date":"2025-05-31T16:48:54","date_gmt":"2025-05-31T14:48:54","guid":{"rendered":"https:\/\/altimetre-montemeubles.fr\/?page_id=160"},"modified":"2025-05-31T16:48:55","modified_gmt":"2025-05-31T14:48:55","slug":"mentions-legales","status":"publish","type":"page","link":"https:\/\/altimetre-montemeubles.fr\/index.php\/mentions-legales\/","title":{"rendered":"Mentions l\u00e9gales"},"content":{"rendered":"\n<div class=\"wp-block-columns alignfull is-layout-flex wp-container-core-columns-is-layout-28f84493 wp-block-columns-is-layout-flex\">\n<div class=\"wp-block-column has-global-padding is-layout-constrained wp-block-column-is-layout-constrained\">\n<p><strong>MENTIONS L\u00c9GALES<\/strong><\/p>\n\n\n\n<p>Conform\u00e9ment aux dispositions de la loi n\u00b0 2004-575 du 21 juin 2004 pour la confiance en l&rsquo;\u00e9conomie num\u00e9rique, il est pr\u00e9cis\u00e9 aux utilisateurs du site Alitim\u00e8tre Monte-Meubles l&rsquo;identit\u00e9 des diff\u00e9rents intervenants dans le cadre de sa r\u00e9alisation et de son suivi.<\/p>\n\n\n\n<p><strong>Edition du site&nbsp;<\/strong><\/p>\n\n\n\n<p>Le pr\u00e9sent site, accessible \u00e0 l\u2019URL https:\/\/altimetre-montemeubles.fr\/ (le \u00ab Site \u00bb), est \u00e9dit\u00e9 par :<\/p>\n\n\n\n<p>Rodolphe Barraud, r\u00e9sidant 106 D rue de la Richelandi\u00e8re 42100 Saint-Etienne, de nationalit\u00e9 Fran\u00e7aise (France), n\u00e9(e) le 21\/05\/1968,<br><\/p>\n\n\n\n<p><strong>H\u00e9bergement<\/strong><\/p>\n\n\n\n<p><br>Le Site est h\u00e9berg\u00e9 par la soci\u00e9t\u00e9 OVH SAS, situ\u00e9 2 rue Kellermann &#8211; BP 80157 &#8211; 59053 Roubaix Cedex 1, (contact t\u00e9l\u00e9phonique ou email : 1007).<\/p>\n\n\n\n<p><strong>Directeur de publication&nbsp;<\/strong><\/p>\n\n\n\n<p><br>Le Directeur de la publication du Site est Rodolphe Barraud.<\/p>\n\n\n\n<p><strong>Nous contacter&nbsp;<\/strong><\/p>\n\n\n\n<p><br>Par t\u00e9l\u00e9phone&nbsp;: +33744896456<\/p>\n\n\n\n<p>Par email&nbsp;: rodolphebarraud42@gmail.com<\/p>\n\n\n\n<p>Par courrier&nbsp;: 106 D rue de la Richelandi\u00e8re 42100 Saint-Etienne<\/p>\n\n\n\n<p>G\u00e9n\u00e9ration des mentions l\u00e9gales par <a href=\"https:\/\/www.legalstart.fr\/\">Legalstart<\/a>.<\/p>\n<\/div>\n<\/div>\n","protected":false},"excerpt":{"rendered":"<p>MENTIONS L\u00c9GALES Conform\u00e9ment aux dispositions de la loi n\u00b0 2004-575 du 21 juin 2004 pour la confiance en l&rsquo;\u00e9conomie num\u00e9rique, il est pr\u00e9cis\u00e9 aux utilisateurs du site Alitim\u00e8tre Monte-Meubles l&rsquo;identit\u00e9 des diff\u00e9rents intervenants dans le cadre de sa r\u00e9alisation et de son suivi. Edition du site&nbsp; Le pr\u00e9sent site, accessible \u00e0 l\u2019URL https:\/\/altimetre-montemeubles.fr\/ (le \u00ab [&hellip;]<\/p>\n","protected":false},"author":2,"featured_media":0,"parent":0,"menu_order":0,"comment_status":"closed","ping_status":"closed","template":"","meta":{"footnotes":""},"class_list":["post-160","page","type-page","status-publish","hentry"],"yoast_head":"<!-- This site is optimized with the Yoast SEO plugin v25.2 - https:\/\/yoast.com\/wordpress\/plugins\/seo\/ -->\n<title>Mentions l\u00e9gales - AltiM\u00e8tre Monte-Meubles<\/title>\n<meta name=\"robots\" content=\"index, follow, max-snippet:-1, max-image-preview:large, max-video-preview:-1\" \/>\n<link rel=\"canonical\" href=\"https:\/\/altimetre-montemeubles.fr\/index.php\/mentions-legales\/\" \/>\n<meta property=\"og:locale\" content=\"fr_FR\" \/>\n<meta property=\"og:type\" content=\"article\" \/>\n<meta property=\"og:title\" content=\"Mentions l\u00e9gales - AltiM\u00e8tre Monte-Meubles\" \/>\n<meta property=\"og:description\" content=\"MENTIONS L\u00c9GALES Conform\u00e9ment aux dispositions de la loi n\u00b0 2004-575 du 21 juin 2004 pour la confiance en l&rsquo;\u00e9conomie num\u00e9rique, il est pr\u00e9cis\u00e9 aux utilisateurs du site Alitim\u00e8tre Monte-Meubles l&rsquo;identit\u00e9 des diff\u00e9rents intervenants dans le cadre de sa r\u00e9alisation et de son suivi. Edition du site&nbsp; Le pr\u00e9sent site, accessible \u00e0 l\u2019URL https:\/\/altimetre-montemeubles.fr\/ (le \u00ab [&hellip;]\" \/>\n<meta property=\"og:url\" content=\"https:\/\/altimetre-montemeubles.fr\/index.php\/mentions-legales\/\" \/>\n<meta property=\"og:site_name\" content=\"AltiM\u00e8tre Monte-Meubles\" \/>\n<meta property=\"article:modified_time\" content=\"2025-05-31T14:48:55+00:00\" \/>\n<meta name=\"twitter:card\" content=\"summary_large_image\" \/>\n<meta name=\"twitter:label1\" content=\"Dur\u00e9e de lecture estim\u00e9e\" \/>\n\t<meta name=\"twitter:data1\" content=\"1 minute\" \/>\n<script type=\"application\/ld+json\" class=\"yoast-schema-graph\">{\"@context\":\"https:\/\/schema.org\",\"@graph\":[{\"@type\":\"WebPage\",\"@id\":\"https:\/\/altimetre-montemeubles.fr\/index.php\/mentions-legales\/\",\"url\":\"https:\/\/altimetre-montemeubles.fr\/index.php\/mentions-legales\/\",\"name\":\"Mentions l\u00e9gales - AltiM\u00e8tre Monte-Meubles\",\"isPartOf\":{\"@id\":\"https:\/\/altimetre-montemeubles.fr\/#website\"},\"datePublished\":\"2025-05-31T14:48:54+00:00\",\"dateModified\":\"2025-05-31T14:48:55+00:00\",\"breadcrumb\":{\"@id\":\"https:\/\/altimetre-montemeubles.fr\/index.php\/mentions-legales\/#breadcrumb\"},\"inLanguage\":\"fr-FR\",\"potentialAction\":[{\"@type\":\"ReadAction\",\"target\":[\"https:\/\/altimetre-montemeubles.fr\/index.php\/mentions-legales\/\"]}]},{\"@type\":\"BreadcrumbList\",\"@id\":\"https:\/\/altimetre-montemeubles.fr\/index.php\/mentions-legales\/#breadcrumb\",\"itemListElement\":[{\"@type\":\"ListItem\",\"position\":1,\"name\":\"Accueil\",\"item\":\"https:\/\/altimetre-montemeubles.fr\/\"},{\"@type\":\"ListItem\",\"position\":2,\"name\":\"Mentions l\u00e9gales\"}]},{\"@type\":\"WebSite\",\"@id\":\"https:\/\/altimetre-montemeubles.fr\/#website\",\"url\":\"https:\/\/altimetre-montemeubles.fr\/\",\"name\":\"AltiM\u00e8tre Monte-Meubles\",\"description\":\"Plus vite, plus haut, plus simple ! \",\"publisher\":{\"@id\":\"https:\/\/altimetre-montemeubles.fr\/#organization\"},\"potentialAction\":[{\"@type\":\"SearchAction\",\"target\":{\"@type\":\"EntryPoint\",\"urlTemplate\":\"https:\/\/altimetre-montemeubles.fr\/?s={search_term_string}\"},\"query-input\":{\"@type\":\"PropertyValueSpecification\",\"valueRequired\":true,\"valueName\":\"search_term_string\"}}],\"inLanguage\":\"fr-FR\"},{\"@type\":\"Organization\",\"@id\":\"https:\/\/altimetre-montemeubles.fr\/#organization\",\"name\":\"AltiM\u00e8tre Monte-Meubles\",\"url\":\"https:\/\/altimetre-montemeubles.fr\/\",\"logo\":{\"@type\":\"ImageObject\",\"inLanguage\":\"fr-FR\",\"@id\":\"https:\/\/altimetre-montemeubles.fr\/#\/schema\/logo\/image\/\",\"url\":\"https:\/\/altimetre-montemeubles.fr\/wp-content\/uploads\/2025\/05\/cropped-logo-altimetre-2.png\",\"contentUrl\":\"https:\/\/altimetre-montemeubles.fr\/wp-content\/uploads\/2025\/05\/cropped-logo-altimetre-2.png\",\"width\":512,\"height\":512,\"caption\":\"AltiM\u00e8tre Monte-Meubles\"},\"image\":{\"@id\":\"https:\/\/altimetre-montemeubles.fr\/#\/schema\/logo\/image\/\"}}]}<\/script>\n<!-- \/ Yoast SEO plugin. -->","yoast_head_json":{"title":"Mentions l\u00e9gales - AltiM\u00e8tre Monte-Meubles","robots":{"index":"index","follow":"follow","max-snippet":"max-snippet:-1","max-image-preview":"max-image-preview:large","max-video-preview":"max-video-preview:-1"},"canonical":"https:\/\/altimetre-montemeubles.fr\/index.php\/mentions-legales\/","og_locale":"fr_FR","og_type":"article","og_title":"Mentions l\u00e9gales - AltiM\u00e8tre Monte-Meubles","og_description":"MENTIONS L\u00c9GALES Conform\u00e9ment aux dispositions de la loi n\u00b0 2004-575 du 21 juin 2004 pour la confiance en l&rsquo;\u00e9conomie num\u00e9rique, il est pr\u00e9cis\u00e9 aux utilisateurs du site Alitim\u00e8tre Monte-Meubles l&rsquo;identit\u00e9 des diff\u00e9rents intervenants dans le cadre de sa r\u00e9alisation et de son suivi. Edition du site&nbsp; Le pr\u00e9sent site, accessible \u00e0 l\u2019URL https:\/\/altimetre-montemeubles.fr\/ (le \u00ab [&hellip;]","og_url":"https:\/\/altimetre-montemeubles.fr\/index.php\/mentions-legales\/","og_site_name":"AltiM\u00e8tre Monte-Meubles","article_modified_time":"2025-05-31T14:48:55+00:00","twitter_card":"summary_large_image","twitter_misc":{"Dur\u00e9e de lecture estim\u00e9e":"1 minute"},"schema":{"@context":"https:\/\/schema.org","@graph":[{"@type":"WebPage","@id":"https:\/\/altimetre-montemeubles.fr\/index.php\/mentions-legales\/","url":"https:\/\/altimetre-montemeubles.fr\/index.php\/mentions-legales\/","name":"Mentions l\u00e9gales - AltiM\u00e8tre Monte-Meubles","isPartOf":{"@id":"https:\/\/altimetre-montemeubles.fr\/#website"},"datePublished":"2025-05-31T14:48:54+00:00","dateModified":"2025-05-31T14:48:55+00:00","breadcrumb":{"@id":"https:\/\/altimetre-montemeubles.fr\/index.php\/mentions-legales\/#breadcrumb"},"inLanguage":"fr-FR","potentialAction":[{"@type":"ReadAction","target":["https:\/\/altimetre-montemeubles.fr\/index.php\/mentions-legales\/"]}]},{"@type":"BreadcrumbList","@id":"https:\/\/altimetre-montemeubles.fr\/index.php\/mentions-legales\/#breadcrumb","itemListElement":[{"@type":"ListItem","position":1,"name":"Accueil","item":"https:\/\/altimetre-montemeubles.fr\/"},{"@type":"ListItem","position":2,"name":"Mentions l\u00e9gales"}]},{"@type":"WebSite","@id":"https:\/\/altimetre-montemeubles.fr\/#website","url":"https:\/\/altimetre-montemeubles.fr\/","name":"AltiM\u00e8tre Monte-Meubles","description":"Plus vite, plus haut, plus simple ! ","publisher":{"@id":"https:\/\/altimetre-montemeubles.fr\/#organization"},"potentialAction":[{"@type":"SearchAction","target":{"@type":"EntryPoint","urlTemplate":"https:\/\/altimetre-montemeubles.fr\/?s={search_term_string}"},"query-input":{"@type":"PropertyValueSpecification","valueRequired":true,"valueName":"search_term_string"}}],"inLanguage":"fr-FR"},{"@type":"Organization","@id":"https:\/\/altimetre-montemeubles.fr\/#organization","name":"AltiM\u00e8tre Monte-Meubles","url":"https:\/\/altimetre-montemeubles.fr\/","logo":{"@type":"ImageObject","inLanguage":"fr-FR","@id":"https:\/\/altimetre-montemeubles.fr\/#\/schema\/logo\/image\/","url":"https:\/\/altimetre-montemeubles.fr\/wp-content\/uploads\/2025\/05\/cropped-logo-altimetre-2.png","contentUrl":"https:\/\/altimetre-montemeubles.fr\/wp-content\/uploads\/2025\/05\/cropped-logo-altimetre-2.png","width":512,"height":512,"caption":"AltiM\u00e8tre Monte-Meubles"},"image":{"@id":"https:\/\/altimetre-montemeubles.fr\/#\/schema\/logo\/image\/"}}]}},"_links":{"self":[{"href":"https:\/\/altimetre-montemeubles.fr\/index.php\/wp-json\/wp\/v2\/pages\/160","targetHints":{"allow":["GET"]}}],"collection":[{"href":"https:\/\/altimetre-montemeubles.fr\/index.php\/wp-json\/wp\/v2\/pages"}],"about":[{"href":"https:\/\/altimetre-montemeubles.fr\/index.php\/wp-json\/wp\/v2\/types\/page"}],"author":[{"embeddable":true,"href":"https:\/\/altimetre-montemeubles.fr\/index.php\/wp-json\/wp\/v2\/users\/2"}],"replies":[{"embeddable":true,"href":"https:\/\/altimetre-montemeubles.fr\/index.php\/wp-json\/wp\/v2\/comments?post=160"}],"version-history":[{"count":1,"href":"https:\/\/altimetre-montemeubles.fr\/index.php\/wp-json\/wp\/v2\/pages\/160\/revisions"}],"predecessor-version":[{"id":161,"href":"https:\/\/altimetre-montemeubles.fr\/index.php\/wp-json\/wp\/v2\/pages\/160\/revisions\/161"}],"wp:attachment":[{"href":"https:\/\/altimetre-montemeubles.fr\/index.php\/wp-json\/wp\/v2\/media?parent=160"}],"curies":[{"name":"wp","href":"https:\/\/api.w.org\/{rel}","templated":true}]}}