{"id":31,"date":"2025-05-31T12:32:11","date_gmt":"2025-05-31T10:32:11","guid":{"rendered":"https:\/\/altimetre-montemeubles.fr\/?page_id=31"},"modified":"2025-05-31T16:37:20","modified_gmt":"2025-05-31T14:37:20","slug":"contact","status":"publish","type":"page","link":"https:\/\/altimetre-montemeubles.fr\/index.php\/contact\/","title":{"rendered":"Nous contacter"},"content":{"rendered":"\n<div class=\"wp-block-group alignfull has-global-padding is-layout-constrained wp-container-core-group-is-layout-d89aad35 wp-block-group-is-layout-constrained\" style=\"margin-top:0;margin-bottom:0;padding-top:var(--wp--preset--spacing--50);padding-right:var(--wp--preset--spacing--50);padding-bottom:var(--wp--preset--spacing--50);padding-left:var(--wp--preset--spacing--50)\">\n<div class=\"wp-block-columns alignwide are-vertically-aligned-center is-layout-flex wp-container-core-columns-is-layout-47c06fe3 wp-block-columns-is-layout-flex\">\n<div class=\"wp-block-column is-vertically-aligned-center is-layout-flow wp-block-column-is-layout-flow\" style=\"flex-basis:50%\">\n<h2 class=\"wp-block-heading\">\ud83d\udcde Une question ? Une demande de devis ? Contactez-nous !<\/h2>\n\n\n\n<p>Vous avez besoin d\u2019un monte-meuble pour un d\u00e9m\u00e9nagement, un chantier ? <br>Notre \u00e9quipe est \u00e0 votre \u00e9coute pour vous conseiller, \u00e9tablir un devis gratuit et planifier une intervention rapide, 7j\/7.<\/p>\n\n\n\n<p>Remplissez le formulaire ci-dessous ou contactez-nous directement par t\u00e9l\u00e9phone ou e-mail.<\/p>\n\n\n\n<p><br>Nous vous r\u00e9pondrons dans les plus brefs d\u00e9lais.<\/p>\n\n\n\n<p><strong>T\u00e9l\u00e9phone : 07 44 89 64 56<\/strong><\/p>\n<\/div>\n\n\n\n<div class=\"wp-block-column is-vertically-aligned-center is-layout-flow wp-block-column-is-layout-flow\" style=\"flex-basis:50%\">\n<div class='fluentform ff-default fluentform_wrapper_1 ffs_default_wrap'><form data-form_id=\"1\" id=\"fluentform_1\" class=\"frm-fluent-form fluent_form_1 ff-el-form-top ff_form_instance_1_1 ff-form-loading ffs_default\" data-form_instance=\"ff_form_instance_1_1\" method=\"POST\" ><fieldset  style=\"border: none!important;margin: 0!important;padding: 0!important;background-color: transparent!important;box-shadow: none!important;outline: none!important; min-inline-size: 100%;\">\n                    <legend class=\"ff_screen_reader_title\" style=\"display: block; margin: 0!important;padding: 0!important;height: 0!important;text-indent: -999999px;width: 0!important;overflow:hidden;\">Formulaire de contact<\/legend><input type='hidden' name='__fluent_form_embded_post_id' value='31' \/><input type=\"hidden\" id=\"_fluentform_1_fluentformnonce\" name=\"_fluentform_1_fluentformnonce\" value=\"1f19ac655f\" \/><input type=\"hidden\" name=\"_wp_http_referer\" value=\"\/index.php\/wp-json\/wp\/v2\/pages\/31\" \/><div data-type=\"name-element\" data-name=\"names\" class=\" ff-field_container ff-name-field-wrapper\" ><div class='ff-t-container'><div class='ff-t-cell '><div class='ff-el-group'><div class=\"ff-el-input--label ff-el-is-required asterisk-right\"><label for='ff_1_names_first_name_' >Pr\u00e9nom<\/label><\/div><div class='ff-el-input--content'><input type=\"text\" name=\"names[first_name]\" id=\"ff_1_names_first_name_\" class=\"ff-el-form-control\" aria-invalid=\"false\" aria-required=true><\/div><\/div><\/div><div class='ff-t-cell '><div class='ff-el-group'><div class=\"ff-el-input--label ff-el-is-required asterisk-right\"><label for='ff_1_names_last_name_' >Nom<\/label><\/div><div class='ff-el-input--content'><input type=\"text\" name=\"names[last_name]\" id=\"ff_1_names_last_name_\" class=\"ff-el-form-control\" aria-invalid=\"false\" aria-required=true><\/div><\/div><\/div><\/div><\/div><div class='ff-el-group'><div class=\"ff-el-input--label ff-el-is-required asterisk-right\"><label for='ff_1_input_text' aria-label=\"T\u00e9l\u00e9phone\">T\u00e9l\u00e9phone<\/label><\/div><div class='ff-el-input--content'><input type=\"text\" name=\"input_text\" class=\"ff-el-form-control\" data-name=\"input_text\" id=\"ff_1_input_text\"  aria-invalid=\"false\" aria-required=true><\/div><\/div><div class='ff-el-group'><div class=\"ff-el-input--label asterisk-right\"><label for='ff_1_email' aria-label=\"E-mail\">E-mail<\/label><\/div><div class='ff-el-input--content'><input type=\"email\" name=\"email\" id=\"ff_1_email\" class=\"ff-el-form-control\" placeholder=\"Email Address\" data-name=\"email\"  aria-invalid=\"false\" aria-required=false><\/div><\/div><div class='ff-el-group'><div class=\"ff-el-input--label ff-el-is-required asterisk-right\"><label for='ff_1_message' aria-label=\"D\u00e9tails de votre demande\">D\u00e9tails de votre demande<\/label><\/div><div class='ff-el-input--content'><textarea aria-invalid=\"false\" aria-required=true name=\"message\" id=\"ff_1_message\" class=\"ff-el-form-control\" rows=\"4\" cols=\"2\" data-name=\"message\" ><\/textarea><\/div><\/div><div class='ff-el-group ff-text-left ff_submit_btn_wrapper'><button type=\"submit\" class=\"ff-btn ff-btn-submit ff-btn-md ff_btn_style\" >Envoyer ma demande<\/button><\/div><\/fieldset><\/form><div id='fluentform_1_errors' class='ff-errors-in-stack ff_form_instance_1_1 ff-form-loading_errors ff_form_instance_1_1_errors'><\/div><\/div>        <script type=\"text\/javascript\">\n            window.fluent_form_ff_form_instance_1_1 = {\"id\":\"1\",\"settings\":{\"layout\":{\"labelPlacement\":\"top\",\"helpMessagePlacement\":\"with_label\",\"errorMessagePlacement\":\"inline\",\"cssClassName\":\"\",\"asteriskPlacement\":\"asterisk-right\"},\"restrictions\":{\"denyEmptySubmission\":{\"enabled\":false}}},\"form_instance\":\"ff_form_instance_1_1\",\"form_id_selector\":\"fluentform_1\",\"rules\":{\"names[first_name]\":{\"required\":{\"value\":true,\"message\":\"Obligatoire\",\"global\":false,\"global_message\":\"Ce champ est obligatoire\"}},\"names[middle_name]\":{\"required\":{\"value\":false,\"message\":\"This field is required\",\"global\":false,\"global_message\":\"Ce champ est obligatoire\"}},\"names[last_name]\":{\"required\":{\"value\":true,\"message\":\"Obligatoire\",\"global\":false,\"global_message\":\"Ce champ est obligatoire\"}},\"input_text\":{\"required\":{\"value\":true,\"message\":\"Ce champ est obligatoire\",\"global_message\":\"Ce champ est obligatoire\",\"global\":true}},\"email\":{\"required\":{\"value\":false,\"message\":\"Ce champ est obligatoire\",\"global_message\":\"Ce champ est obligatoire\",\"global\":true},\"email\":{\"value\":true,\"message\":\"Ce champ doit contenir un e-mail valide\",\"global_message\":\"Ce champ doit contenir un e-mail valide\",\"global\":true}},\"message\":{\"required\":{\"value\":true,\"message\":\"This field is required\",\"global\":false,\"global_message\":\"Ce champ est obligatoire\"}}},\"debounce_time\":300};\n                    <\/script>\n        \n\n<\/div>\n<\/div>\n<\/div>\n","protected":false},"excerpt":{"rendered":"<p>\ud83d\udcde Une question ? Une demande de devis ? Contactez-nous ! Vous avez besoin d\u2019un monte-meuble pour un d\u00e9m\u00e9nagement, un chantier ? Notre \u00e9quipe est \u00e0 votre \u00e9coute pour vous conseiller, \u00e9tablir un devis gratuit et planifier une intervention rapide, 7j\/7. Remplissez le formulaire ci-dessous ou contactez-nous directement par t\u00e9l\u00e9phone ou e-mail. Nous vous r\u00e9pondrons [&hellip;]<\/p>\n","protected":false},"author":2,"featured_media":0,"parent":0,"menu_order":0,"comment_status":"closed","ping_status":"closed","template":"","meta":{"footnotes":""},"class_list":["post-31","page","type-page","status-publish","hentry"],"yoast_head":"<!-- This site is optimized with the Yoast SEO plugin v25.2 - https:\/\/yoast.com\/wordpress\/plugins\/seo\/ -->\n<title>Nous contacter - AltiM\u00e8tre Monte-Meubles<\/title>\n<meta name=\"description\" content=\"Contactez-nous pour la location d&#039;un monte meuble dans la Loire, le Rh\u00f4ne ou la Haute-Loire. Disponibilit\u00e9s 7j\/7 !\" \/>\n<meta name=\"robots\" content=\"index, follow, max-snippet:-1, max-image-preview:large, max-video-preview:-1\" \/>\n<link rel=\"canonical\" href=\"https:\/\/altimetre-montemeubles.fr\/index.php\/contact\/\" \/>\n<meta property=\"og:locale\" content=\"fr_FR\" \/>\n<meta property=\"og:type\" content=\"article\" \/>\n<meta property=\"og:title\" content=\"Nous contacter - AltiM\u00e8tre Monte-Meubles\" \/>\n<meta property=\"og:description\" content=\"Contactez-nous pour la location d&#039;un monte meuble dans la Loire, le Rh\u00f4ne ou la Haute-Loire. Disponibilit\u00e9s 7j\/7 !\" \/>\n<meta property=\"og:url\" content=\"https:\/\/altimetre-montemeubles.fr\/index.php\/contact\/\" \/>\n<meta property=\"og:site_name\" content=\"AltiM\u00e8tre Monte-Meubles\" \/>\n<meta property=\"article:modified_time\" content=\"2025-05-31T14:37:20+00:00\" \/>\n<meta name=\"twitter:card\" content=\"summary_large_image\" \/>\n<meta name=\"twitter:label1\" content=\"Dur\u00e9e de lecture estim\u00e9e\" \/>\n\t<meta name=\"twitter:data1\" content=\"1 minute\" \/>\n<script type=\"application\/ld+json\" class=\"yoast-schema-graph\">{\"@context\":\"https:\/\/schema.org\",\"@graph\":[{\"@type\":\"WebPage\",\"@id\":\"https:\/\/altimetre-montemeubles.fr\/index.php\/contact\/\",\"url\":\"https:\/\/altimetre-montemeubles.fr\/index.php\/contact\/\",\"name\":\"Nous contacter - AltiM\u00e8tre Monte-Meubles\",\"isPartOf\":{\"@id\":\"https:\/\/altimetre-montemeubles.fr\/#website\"},\"datePublished\":\"2025-05-31T10:32:11+00:00\",\"dateModified\":\"2025-05-31T14:37:20+00:00\",\"description\":\"Contactez-nous pour la location d'un monte meuble dans la Loire, le Rh\u00f4ne ou la Haute-Loire. Disponibilit\u00e9s 7j\/7 !\",\"breadcrumb\":{\"@id\":\"https:\/\/altimetre-montemeubles.fr\/index.php\/contact\/#breadcrumb\"},\"inLanguage\":\"fr-FR\",\"potentialAction\":[{\"@type\":\"ReadAction\",\"target\":[\"https:\/\/altimetre-montemeubles.fr\/index.php\/contact\/\"]}]},{\"@type\":\"BreadcrumbList\",\"@id\":\"https:\/\/altimetre-montemeubles.fr\/index.php\/contact\/#breadcrumb\",\"itemListElement\":[{\"@type\":\"ListItem\",\"position\":1,\"name\":\"Accueil\",\"item\":\"https:\/\/altimetre-montemeubles.fr\/\"},{\"@type\":\"ListItem\",\"position\":2,\"name\":\"Nous contacter\"}]},{\"@type\":\"WebSite\",\"@id\":\"https:\/\/altimetre-montemeubles.fr\/#website\",\"url\":\"https:\/\/altimetre-montemeubles.fr\/\",\"name\":\"AltiM\u00e8tre Monte-Meubles\",\"description\":\"Plus vite, plus haut, plus simple ! \",\"publisher\":{\"@id\":\"https:\/\/altimetre-montemeubles.fr\/#organization\"},\"potentialAction\":[{\"@type\":\"SearchAction\",\"target\":{\"@type\":\"EntryPoint\",\"urlTemplate\":\"https:\/\/altimetre-montemeubles.fr\/?s={search_term_string}\"},\"query-input\":{\"@type\":\"PropertyValueSpecification\",\"valueRequired\":true,\"valueName\":\"search_term_string\"}}],\"inLanguage\":\"fr-FR\"},{\"@type\":\"Organization\",\"@id\":\"https:\/\/altimetre-montemeubles.fr\/#organization\",\"name\":\"AltiM\u00e8tre Monte-Meubles\",\"url\":\"https:\/\/altimetre-montemeubles.fr\/\",\"logo\":{\"@type\":\"ImageObject\",\"inLanguage\":\"fr-FR\",\"@id\":\"https:\/\/altimetre-montemeubles.fr\/#\/schema\/logo\/image\/\",\"url\":\"https:\/\/altimetre-montemeubles.fr\/wp-content\/uploads\/2025\/05\/cropped-logo-altimetre-2.png\",\"contentUrl\":\"https:\/\/altimetre-montemeubles.fr\/wp-content\/uploads\/2025\/05\/cropped-logo-altimetre-2.png\",\"width\":512,\"height\":512,\"caption\":\"AltiM\u00e8tre Monte-Meubles\"},\"image\":{\"@id\":\"https:\/\/altimetre-montemeubles.fr\/#\/schema\/logo\/image\/\"}}]}<\/script>\n<!-- \/ Yoast SEO plugin. -->","yoast_head_json":{"title":"Nous contacter - AltiM\u00e8tre Monte-Meubles","description":"Contactez-nous pour la location d'un monte meuble dans la Loire, le Rh\u00f4ne ou la Haute-Loire. Disponibilit\u00e9s 7j\/7 !","robots":{"index":"index","follow":"follow","max-snippet":"max-snippet:-1","max-image-preview":"max-image-preview:large","max-video-preview":"max-video-preview:-1"},"canonical":"https:\/\/altimetre-montemeubles.fr\/index.php\/contact\/","og_locale":"fr_FR","og_type":"article","og_title":"Nous contacter - AltiM\u00e8tre Monte-Meubles","og_description":"Contactez-nous pour la location d'un monte meuble dans la Loire, le Rh\u00f4ne ou la Haute-Loire. Disponibilit\u00e9s 7j\/7 !","og_url":"https:\/\/altimetre-montemeubles.fr\/index.php\/contact\/","og_site_name":"AltiM\u00e8tre Monte-Meubles","article_modified_time":"2025-05-31T14:37:20+00:00","twitter_card":"summary_large_image","twitter_misc":{"Dur\u00e9e de lecture estim\u00e9e":"1 minute"},"schema":{"@context":"https:\/\/schema.org","@graph":[{"@type":"WebPage","@id":"https:\/\/altimetre-montemeubles.fr\/index.php\/contact\/","url":"https:\/\/altimetre-montemeubles.fr\/index.php\/contact\/","name":"Nous contacter - AltiM\u00e8tre Monte-Meubles","isPartOf":{"@id":"https:\/\/altimetre-montemeubles.fr\/#website"},"datePublished":"2025-05-31T10:32:11+00:00","dateModified":"2025-05-31T14:37:20+00:00","description":"Contactez-nous pour la location d'un monte meuble dans la Loire, le Rh\u00f4ne ou la Haute-Loire. Disponibilit\u00e9s 7j\/7 !","breadcrumb":{"@id":"https:\/\/altimetre-montemeubles.fr\/index.php\/contact\/#breadcrumb"},"inLanguage":"fr-FR","potentialAction":[{"@type":"ReadAction","target":["https:\/\/altimetre-montemeubles.fr\/index.php\/contact\/"]}]},{"@type":"BreadcrumbList","@id":"https:\/\/altimetre-montemeubles.fr\/index.php\/contact\/#breadcrumb","itemListElement":[{"@type":"ListItem","position":1,"name":"Accueil","item":"https:\/\/altimetre-montemeubles.fr\/"},{"@type":"ListItem","position":2,"name":"Nous contacter"}]},{"@type":"WebSite","@id":"https:\/\/altimetre-montemeubles.fr\/#website","url":"https:\/\/altimetre-montemeubles.fr\/","name":"AltiM\u00e8tre Monte-Meubles","description":"Plus vite, plus haut, plus simple ! ","publisher":{"@id":"https:\/\/altimetre-montemeubles.fr\/#organization"},"potentialAction":[{"@type":"SearchAction","target":{"@type":"EntryPoint","urlTemplate":"https:\/\/altimetre-montemeubles.fr\/?s={search_term_string}"},"query-input":{"@type":"PropertyValueSpecification","valueRequired":true,"valueName":"search_term_string"}}],"inLanguage":"fr-FR"},{"@type":"Organization","@id":"https:\/\/altimetre-montemeubles.fr\/#organization","name":"AltiM\u00e8tre Monte-Meubles","url":"https:\/\/altimetre-montemeubles.fr\/","logo":{"@type":"ImageObject","inLanguage":"fr-FR","@id":"https:\/\/altimetre-montemeubles.fr\/#\/schema\/logo\/image\/","url":"https:\/\/altimetre-montemeubles.fr\/wp-content\/uploads\/2025\/05\/cropped-logo-altimetre-2.png","contentUrl":"https:\/\/altimetre-montemeubles.fr\/wp-content\/uploads\/2025\/05\/cropped-logo-altimetre-2.png","width":512,"height":512,"caption":"AltiM\u00e8tre Monte-Meubles"},"image":{"@id":"https:\/\/altimetre-montemeubles.fr\/#\/schema\/logo\/image\/"}}]}},"_links":{"self":[{"href":"https:\/\/altimetre-montemeubles.fr\/index.php\/wp-json\/wp\/v2\/pages\/31","targetHints":{"allow":["GET"]}}],"collection":[{"href":"https:\/\/altimetre-montemeubles.fr\/index.php\/wp-json\/wp\/v2\/pages"}],"about":[{"href":"https:\/\/altimetre-montemeubles.fr\/index.php\/wp-json\/wp\/v2\/types\/page"}],"author":[{"embeddable":true,"href":"https:\/\/altimetre-montemeubles.fr\/index.php\/wp-json\/wp\/v2\/users\/2"}],"replies":[{"embeddable":true,"href":"https:\/\/altimetre-montemeubles.fr\/index.php\/wp-json\/wp\/v2\/comments?post=31"}],"version-history":[{"count":4,"href":"https:\/\/altimetre-montemeubles.fr\/index.php\/wp-json\/wp\/v2\/pages\/31\/revisions"}],"predecessor-version":[{"id":156,"href":"https:\/\/altimetre-montemeubles.fr\/index.php\/wp-json\/wp\/v2\/pages\/31\/revisions\/156"}],"wp:attachment":[{"href":"https:\/\/altimetre-montemeubles.fr\/index.php\/wp-json\/wp\/v2\/media?parent=31"}],"curies":[{"name":"wp","href":"https:\/\/api.w.org\/{rel}","templated":true}]}}